{"id":4791,"date":"2023-12-10T13:52:05","date_gmt":"2023-12-10T12:52:05","guid":{"rendered":"https:\/\/taxiwish.com\/?page_id=4791"},"modified":"2023-12-10T21:35:21","modified_gmt":"2023-12-10T20:35:21","slug":"faq","status":"publish","type":"page","link":"https:\/\/taxiwish.com\/sv\/faq\/","title":{"rendered":"FAQ"},"content":{"rendered":"<div data-elementor-type=\"wp-page\" data-elementor-id=\"4791\" class=\"elementor elementor-4791\">\n\t\t\t\t\t\t<section class=\"elementor-section elementor-top-section elementor-element elementor-element-a3a3236 elementor-section-boxed elementor-section-height-default elementor-section-height-default\" data-id=\"a3a3236\" data-element_type=\"section\" data-e-type=\"section\">\n\t\t\t\t\t\t<div class=\"elementor-container elementor-column-gap-default\">\n\t\t\t\t\t<div class=\"elementor-column elementor-col-100 elementor-top-column elementor-element elementor-element-eb6bf30\" data-id=\"eb6bf30\" data-element_type=\"column\" data-e-type=\"column\">\n\t\t\t<div class=\"elementor-widget-wrap elementor-element-populated\">\n\t\t\t\t\t\t<div class=\"elementor-element elementor-element-0d62f05 elementor-widget elementor-widget-heading\" data-id=\"0d62f05\" data-element_type=\"widget\" data-e-type=\"widget\" data-widget_type=\"heading.default\">\n\t\t\t\t<div class=\"elementor-widget-container\">\n\t\t\t\t\t<h2 class=\"elementor-heading-title elementor-size-default\">Vanliga fr\u00e5gor<\/h2>\t\t\t\t<\/div>\n\t\t\t\t<\/div>\n\t\t\t\t<div class=\"elementor-element elementor-element-f23d58c elementor-widget elementor-widget-text-editor\" data-id=\"f23d58c\" data-element_type=\"widget\" data-e-type=\"widget\" data-widget_type=\"text-editor.default\">\n\t\t\t\t<div class=\"elementor-widget-container\">\n\t\t\t\t\t\t\t\t\t<p><span style=\"color: var(--ast-global-color-2); font-size: 1.33333rem; font-style: inherit; font-weight: 600; background-color: var(--ast-global-color-5); font-family: -apple-system, BlinkMacSystemFont, 'Segoe UI', Roboto, Oxygen-Sans, Ubuntu, Cantarell, 'Helvetica Neue', sans-serif;\">&nbsp;<\/span><span style=\"font-style: inherit; font-family: -apple-system, BlinkMacSystemFont, &quot;Segoe UI&quot;, Roboto, Oxygen-Sans, Ubuntu, Cantarell, &quot;Helvetica Neue&quot;, sans-serif; color: var(--ast-global-color-2); font-size: 1.33333rem; font-weight: 600; background-color: var(--ast-global-color-5);\">1. <\/span><strong style=\"font-style: inherit; font-family: -apple-system, BlinkMacSystemFont, &quot;Segoe UI&quot;, Roboto, Oxygen-Sans, Ubuntu, Cantarell, &quot;Helvetica Neue&quot;, sans-serif; color: var(--ast-global-color-2); font-size: 1.33333rem; background-color: var(--ast-global-color-5);\">Hur bokar jag en taxi med Taxi Wish AB?<\/strong><\/p>\n<p>Att boka en taxi hos oss \u00e4r enkelt! Bes\u00f6k v\u00e5r <a href=\"https:\/\/taxiwish.com\/sv\/\" target=\"_new\">bokningssida<\/a> p\u00e5 v\u00e5r hemsida eller ladda ner v\u00e5r anv\u00e4ndarv\u00e4nliga <a href=\"https:\/\/taxiwish.com\/sv\/mobile-app\/\" target=\"_new\">mobilapp<\/a> f\u00f6r att boka din resa direkt. Alternativt kan du ringa v\u00e5r hotline p\u00e5 <a href=\"tel:0728 78 88 89\">0728 78 88 89<\/a> f\u00f6r omedelbar hj\u00e4lp.<\/p>\n<h4>2. <strong>Vilka \u00e4r dina \u00f6ppettider?<\/strong><\/h4>\n<p>Vi arbetar 24\/7 och erbjuder taxitj\u00e4nster dygnet runt, alla dagar i veckan, inklusive helgdagar.<\/p>\n<h4>3. <strong>Var erbjuder du dina tj\u00e4nster?<\/strong><\/h4>\n<p>Taxi Wish AB \u00e4r verksamt i olika regioner i Sverige. F\u00f6r specifika serviceomr\u00e5den, bes\u00f6k v\u00e5r <a href=\"https:\/\/taxiwish.com\/sv\/service-coverage\/\" target=\"_new\">servicet\u00e4ckningssida<\/a> p\u00e5 v\u00e5r hemsida.<\/p>\n<h4>4. <strong>Vilka betalningsmetoder accepterar du?<\/strong><\/h4>\n<p>Vi accepterar flera betalningsalternativ inklusive kredit-\/betalkort, swish, Paypal, stripe och betalningar i appar. Kolla in v\u00e5r <a href=\"https:\/\/taxiwish.com\/sv\/payment-methods\/\" target=\"_new\">sidan med betalningsmetoder<\/a> f\u00f6r mer information.<\/p>\n<h4>5. <strong>Kan jag boka en taxi f\u00f6r ett framtida datum\/tid?<\/strong><\/h4>\n<p>Ja, du kan boka en taxi f\u00f6r ett specifikt datum och tid med hj\u00e4lp av v\u00e5r <a href=\"https:\/\/taxiwish.com\/sv\/\">0728 78 88 89<\/a> p\u00e5 v\u00e5r hemsida eller via v\u00e5r mobilapp.<\/p>\n<h4>6. <strong>Vad ska jag g\u00f6ra om jag har l\u00e4mnat n\u00e5got i taxin?<\/strong><\/h4>\n<p>Om du har l\u00e4mnat n\u00e5got i en av v\u00e5ra taxibilar, v\u00e4nligen kontakta v\u00e5rt supportteam omedelbart via v\u00e5r <a href=\"https:\/\/taxiwish.com\/sv\/contact\/\" target=\"_new\">kontaktsida<\/a> eller ring oss p\u00e5 <a href=\"https:\/\/taxiwish.com\/sv\/\">0728 78 88 89<\/a>. Vi hj\u00e4lper dig att hitta och l\u00e4mna tillbaka dina tillh\u00f6righeter.<\/p>\n<h4>7. <strong>Erbjuder ni rabatter eller lojalitetsprogram?<\/strong><\/h4>\n<p>Ibland har vi rabatter och lojalitetsprogram. H\u00e5ll dig uppdaterad genom att registrera dig f\u00f6r v\u00e5r <a href=\"https:\/\/taxiwish.com\/sv\/newsletter\/\" target=\"_new\">nyhetsbrev<\/a> eller kolla v\u00e5r <a href=\"https:\/\/taxiwish.com\/sv\/promotions\/\" target=\"_new\">kampanjsidan<\/a> f\u00f6r l\u00f6pande erbjudanden.<\/p>\n<h4>8. <strong>Hur registrerar jag mig som kund?<\/strong><\/h4>\n<p>Att registrera sig som kund \u00e4r snabbt och enkelt! F\u00f6lj detta <a href=\"https:\/\/taxiwish.com\/sv\/register\/\" target=\"_new\">l\u00e4nk<\/a> att registrera dig p\u00e5 v\u00e5r webbplats och njuta av exklusiva f\u00f6rm\u00e5ner.<\/p>\n<h4>9. <strong>Vilka s\u00e4kerhets\u00e5tg\u00e4rder vidtar ni f\u00f6r passagerare?<\/strong><\/h4>\n<p>Passagerarnas s\u00e4kerhet \u00e4r av st\u00f6rsta vikt f\u00f6r oss. V\u00e5ra fordon genomg\u00e5r regelbundet underh\u00e5ll och v\u00e5ra f\u00f6rare f\u00f6ljer strikt s\u00e4kerhetsf\u00f6reskrifterna. Dessutom \u00e4r alla v\u00e5ra fordon utrustade med kamera med GPS-sp\u00e5rningssystem.<\/p>\n<h4>10. <strong>Hur kan jag kontakta kundsupport f\u00f6r ytterligare fr\u00e5gor?<\/strong><\/h4>\n<p>F\u00f6r ytterligare fr\u00e5gor eller hj\u00e4lp finns v\u00e5rt kundsupportteam tillg\u00e4ngligt 24\/7. N\u00e5 oss p\u00e5 <a href=\"tel:0728 78 88 89\">0728 78 88 89<\/a> eller mejla oss p\u00e5 <a href=\"mailto:support@taxiwish.com\" target=\"_new\">support@taxiwish.com<\/a><\/p>\n<h4><a href=\"https:\/\/taxiwish.com\/sv\/refund_returns\/\" target=\"_blank\" rel=\"noopener\">11. Hur kan f\u00e5 \u00e5terbetalning?<\/a><\/h4>\n<p><\/p>\t\t\t\t\t\t\t\t<\/div>\n\t\t\t\t<\/div>\n\t\t\t\t\t<\/div>\n\t\t<\/div>\n\t\t\t\t\t<\/div>\n\t\t<\/section>\n\t\t\t\t<\/div>","protected":false},"excerpt":{"rendered":"<p>Frequent Asked Question &nbsp;1. How can I book a taxi with Taxi Wish AB? Booking a taxi with us is simple! Visit our booking page on our website or download our user-friendly mobile app to book your ride instantly. Alternatively, you can call our hotline at 0728 78 88 89 for immediate assistance. 2. What [&hellip;]<\/p>\n","protected":false},"author":1,"featured_media":0,"parent":0,"menu_order":0,"comment_status":"closed","ping_status":"closed","template":"","meta":{"_acf_changed":false,"site-sidebar-layout":"no-sidebar","site-content-layout":"page-builder","ast-site-content-layout":"full-width-container","site-content-style":"default","site-sidebar-style":"default","ast-global-header-display":"","ast-banner-title-visibility":"","ast-main-header-display":"","ast-hfb-above-header-display":"","ast-hfb-below-header-display":"","ast-hfb-mobile-header-display":"","site-post-title":"disabled","ast-breadcrumbs-content":"","ast-featured-img":"disabled","footer-sml-layout":"","ast-disable-related-posts":"","theme-transparent-header-meta":"","adv-header-id-meta":"","stick-header-meta":"","header-above-stick-meta":"","header-main-stick-meta":"","header-below-stick-meta":"","astra-migrate-meta-layouts":"set","ast-page-background-enabled":"default","ast-page-background-meta":{"desktop":{"background-color":"var(--ast-global-color-4)","background-image":"","background-repeat":"repeat","background-position":"center center","background-size":"auto","background-attachment":"scroll","background-type":"","background-media":"","overlay-type":"","overlay-color":"","overlay-opacity":"","overlay-gradient":""},"tablet":{"background-color":"","background-image":"","background-repeat":"repeat","background-position":"center center","background-size":"auto","background-attachment":"scroll","background-type":"","background-media":"","overlay-type":"","overlay-color":"","overlay-opacity":"","overlay-gradient":""},"mobile":{"background-color":"","background-image":"","background-repeat":"repeat","background-position":"center center","background-size":"auto","background-attachment":"scroll","background-type":"","background-media":"","overlay-type":"","overlay-color":"","overlay-opacity":"","overlay-gradient":""}},"ast-content-background-meta":{"desktop":{"background-color":"var(--ast-global-color-5)","background-image":"","background-repeat":"repeat","background-position":"center center","background-size":"auto","background-attachment":"scroll","background-type":"","background-media":"","overlay-type":"","overlay-color":"","overlay-opacity":"","overlay-gradient":""},"tablet":{"background-color":"var(--ast-global-color-5)","background-image":"","background-repeat":"repeat","background-position":"center center","background-size":"auto","background-attachment":"scroll","background-type":"","background-media":"","overlay-type":"","overlay-color":"","overlay-opacity":"","overlay-gradient":""},"mobile":{"background-color":"var(--ast-global-color-5)","background-image":"","background-repeat":"repeat","background-position":"center center","background-size":"auto","background-attachment":"scroll","background-type":"","background-media":"","overlay-type":"","overlay-color":"","overlay-opacity":"","overlay-gradient":""}},"footnotes":""},"class_list":["post-4791","page","type-page","status-publish","hentry"],"acf":[],"yoast_head":"<!-- This site is optimized with the Yoast SEO plugin v27.5 - https:\/\/yoast.com\/product\/yoast-seo-wordpress\/ -->\n<title>FAQ - TAXI WISH AB<\/title>\n<meta name=\"robots\" content=\"index, follow, max-snippet:-1, max-image-preview:large, max-video-preview:-1\" \/>\n<link rel=\"canonical\" href=\"https:\/\/taxiwish.com\/sv\/faq\/\" \/>\n<meta property=\"og:locale\" content=\"sv_SE\" \/>\n<meta property=\"og:type\" content=\"article\" \/>\n<meta property=\"og:title\" content=\"FAQ - TAXI WISH AB\" \/>\n<meta property=\"og:description\" content=\"Frequent Asked Question &nbsp;1. How can I book a taxi with Taxi Wish AB? Booking a taxi with us is simple! Visit our booking page on our website or download our user-friendly mobile app to book your ride instantly. Alternatively, you can call our hotline at 0728 78 88 89 for immediate assistance. 2. What [&hellip;]\" \/>\n<meta property=\"og:url\" content=\"https:\/\/taxiwish.com\/sv\/faq\/\" \/>\n<meta property=\"og:site_name\" content=\"TAXI WISH AB\" \/>\n<meta property=\"article:modified_time\" content=\"2023-12-10T20:35:21+00:00\" \/>\n<meta name=\"twitter:card\" content=\"summary_large_image\" \/>\n<meta name=\"twitter:label1\" content=\"Ber\u00e4knad l\u00e4stid\" \/>\n\t<meta name=\"twitter:data1\" content=\"2 minuter\" \/>\n<script type=\"application\/ld+json\" class=\"yoast-schema-graph\">{\"@context\":\"https:\\\/\\\/schema.org\",\"@graph\":[{\"@type\":\"WebPage\",\"@id\":\"https:\\\/\\\/taxiwish.com\\\/faq\\\/\",\"url\":\"https:\\\/\\\/taxiwish.com\\\/faq\\\/\",\"name\":\"FAQ - TAXI WISH AB\",\"isPartOf\":{\"@id\":\"https:\\\/\\\/taxiwish.com\\\/#website\"},\"datePublished\":\"2023-12-10T12:52:05+00:00\",\"dateModified\":\"2023-12-10T20:35:21+00:00\",\"breadcrumb\":{\"@id\":\"https:\\\/\\\/taxiwish.com\\\/faq\\\/#breadcrumb\"},\"inLanguage\":\"sv-SE\",\"potentialAction\":[{\"@type\":\"ReadAction\",\"target\":[\"https:\\\/\\\/taxiwish.com\\\/faq\\\/\"]}]},{\"@type\":\"BreadcrumbList\",\"@id\":\"https:\\\/\\\/taxiwish.com\\\/faq\\\/#breadcrumb\",\"itemListElement\":[{\"@type\":\"ListItem\",\"position\":1,\"name\":\"Home\",\"item\":\"https:\\\/\\\/taxiwish.com\\\/\"},{\"@type\":\"ListItem\",\"position\":2,\"name\":\"FAQ\"}]},{\"@type\":\"WebSite\",\"@id\":\"https:\\\/\\\/taxiwish.com\\\/#website\",\"url\":\"https:\\\/\\\/taxiwish.com\\\/\",\"name\":\"TAXI WISH\",\"description\":\"\",\"publisher\":{\"@id\":\"https:\\\/\\\/taxiwish.com\\\/#organization\"},\"potentialAction\":[{\"@type\":\"SearchAction\",\"target\":{\"@type\":\"EntryPoint\",\"urlTemplate\":\"https:\\\/\\\/taxiwish.com\\\/?s={search_term_string}\"},\"query-input\":{\"@type\":\"PropertyValueSpecification\",\"valueRequired\":true,\"valueName\":\"search_term_string\"}}],\"inLanguage\":\"sv-SE\"},{\"@type\":\"Organization\",\"@id\":\"https:\\\/\\\/taxiwish.com\\\/#organization\",\"name\":\"TAXI WISH AB\",\"url\":\"https:\\\/\\\/taxiwish.com\\\/\",\"logo\":{\"@type\":\"ImageObject\",\"inLanguage\":\"sv-SE\",\"@id\":\"https:\\\/\\\/taxiwish.com\\\/#\\\/schema\\\/logo\\\/image\\\/\",\"url\":\"https:\\\/\\\/taxiwish.com\\\/wp-content\\\/uploads\\\/2021\\\/02\\\/output-onlinepngtools.png\",\"contentUrl\":\"https:\\\/\\\/taxiwish.com\\\/wp-content\\\/uploads\\\/2021\\\/02\\\/output-onlinepngtools.png\",\"width\":350,\"height\":100,\"caption\":\"TAXI WISH AB\"},\"image\":{\"@id\":\"https:\\\/\\\/taxiwish.com\\\/#\\\/schema\\\/logo\\\/image\\\/\"}}]}<\/script>\n<!-- \/ Yoast SEO plugin. -->","yoast_head_json":{"title":"FAQ - TAXI WISH AB","robots":{"index":"index","follow":"follow","max-snippet":"max-snippet:-1","max-image-preview":"max-image-preview:large","max-video-preview":"max-video-preview:-1"},"canonical":"https:\/\/taxiwish.com\/sv\/faq\/","og_locale":"sv_SE","og_type":"article","og_title":"FAQ - TAXI WISH AB","og_description":"Frequent Asked Question &nbsp;1. How can I book a taxi with Taxi Wish AB? Booking a taxi with us is simple! Visit our booking page on our website or download our user-friendly mobile app to book your ride instantly. Alternatively, you can call our hotline at 0728 78 88 89 for immediate assistance. 2. What [&hellip;]","og_url":"https:\/\/taxiwish.com\/sv\/faq\/","og_site_name":"TAXI WISH AB","article_modified_time":"2023-12-10T20:35:21+00:00","twitter_card":"summary_large_image","twitter_misc":{"Ber\u00e4knad l\u00e4stid":"2 minuter"},"schema":{"@context":"https:\/\/schema.org","@graph":[{"@type":"WebPage","@id":"https:\/\/taxiwish.com\/faq\/","url":"https:\/\/taxiwish.com\/faq\/","name":"FAQ - TAXI WISH AB","isPartOf":{"@id":"https:\/\/taxiwish.com\/#website"},"datePublished":"2023-12-10T12:52:05+00:00","dateModified":"2023-12-10T20:35:21+00:00","breadcrumb":{"@id":"https:\/\/taxiwish.com\/faq\/#breadcrumb"},"inLanguage":"sv-SE","potentialAction":[{"@type":"ReadAction","target":["https:\/\/taxiwish.com\/faq\/"]}]},{"@type":"BreadcrumbList","@id":"https:\/\/taxiwish.com\/faq\/#breadcrumb","itemListElement":[{"@type":"ListItem","position":1,"name":"Home","item":"https:\/\/taxiwish.com\/"},{"@type":"ListItem","position":2,"name":"FAQ"}]},{"@type":"WebSite","@id":"https:\/\/taxiwish.com\/#website","url":"https:\/\/taxiwish.com\/","name":"TAXI WISH","description":"","publisher":{"@id":"https:\/\/taxiwish.com\/#organization"},"potentialAction":[{"@type":"SearchAction","target":{"@type":"EntryPoint","urlTemplate":"https:\/\/taxiwish.com\/?s={search_term_string}"},"query-input":{"@type":"PropertyValueSpecification","valueRequired":true,"valueName":"search_term_string"}}],"inLanguage":"sv-SE"},{"@type":"Organization","@id":"https:\/\/taxiwish.com\/#organization","name":"TAXI WISH AB","url":"https:\/\/taxiwish.com\/","logo":{"@type":"ImageObject","inLanguage":"sv-SE","@id":"https:\/\/taxiwish.com\/#\/schema\/logo\/image\/","url":"https:\/\/taxiwish.com\/wp-content\/uploads\/2021\/02\/output-onlinepngtools.png","contentUrl":"https:\/\/taxiwish.com\/wp-content\/uploads\/2021\/02\/output-onlinepngtools.png","width":350,"height":100,"caption":"TAXI WISH AB"},"image":{"@id":"https:\/\/taxiwish.com\/#\/schema\/logo\/image\/"}}]}},"_links":{"self":[{"href":"https:\/\/taxiwish.com\/sv\/wp-json\/wp\/v2\/pages\/4791","targetHints":{"allow":["GET"]}}],"collection":[{"href":"https:\/\/taxiwish.com\/sv\/wp-json\/wp\/v2\/pages"}],"about":[{"href":"https:\/\/taxiwish.com\/sv\/wp-json\/wp\/v2\/types\/page"}],"author":[{"embeddable":true,"href":"https:\/\/taxiwish.com\/sv\/wp-json\/wp\/v2\/users\/1"}],"replies":[{"embeddable":true,"href":"https:\/\/taxiwish.com\/sv\/wp-json\/wp\/v2\/comments?post=4791"}],"version-history":[{"count":47,"href":"https:\/\/taxiwish.com\/sv\/wp-json\/wp\/v2\/pages\/4791\/revisions"}],"predecessor-version":[{"id":4854,"href":"https:\/\/taxiwish.com\/sv\/wp-json\/wp\/v2\/pages\/4791\/revisions\/4854"}],"wp:attachment":[{"href":"https:\/\/taxiwish.com\/sv\/wp-json\/wp\/v2\/media?parent=4791"}],"curies":[{"name":"wp","href":"https:\/\/api.w.org\/{rel}","templated":true}]}}