{"id":4186,"date":"2023-12-05T20:59:44","date_gmt":"2023-12-05T19:59:44","guid":{"rendered":"https:\/\/taxiwish.com\/password-reset\/"},"modified":"2023-12-07T11:35:55","modified_gmt":"2023-12-07T10:35:55","slug":"password-reset","status":"publish","type":"page","link":"https:\/\/taxiwish.com\/sv\/password-reset\/","title":{"rendered":"Password Reset"},"content":{"rendered":"<div data-elementor-type=\"wp-page\" data-elementor-id=\"4186\" class=\"elementor elementor-4186\">\n\t\t\t\t\t\t<section class=\"elementor-section elementor-top-section elementor-element elementor-element-a69c307 elementor-section-boxed elementor-section-height-default elementor-section-height-default\" data-id=\"a69c307\" data-element_type=\"section\" data-e-type=\"section\">\n\t\t\t\t\t\t<div class=\"elementor-container elementor-column-gap-default\">\n\t\t\t\t\t<div class=\"elementor-column elementor-col-100 elementor-top-column elementor-element elementor-element-31de6580\" data-id=\"31de6580\" data-element_type=\"column\" data-e-type=\"column\">\n\t\t\t<div class=\"elementor-widget-wrap elementor-element-populated\">\n\t\t\t\t\t\t<div class=\"elementor-element elementor-element-721a0c1a elementor-widget elementor-widget-text-editor\" data-id=\"721a0c1a\" data-element_type=\"widget\" data-e-type=\"widget\" data-widget_type=\"text-editor.default\">\n\t\t\t\t<div class=\"elementor-widget-container\">\n\t\t\t\t\t\t\t\t\t<div class=\"um um-password um-um_password_id\">\n\t<div class=\"um-form\">\n\t\t<form method=\"post\" action=\"\" data-trp-original-action=\"\">\n\t\t\t\n\t\t\t\t<input type=\"hidden\" name=\"_um_password_reset\" id=\"_um_password_reset\" value=\"1\" \/>\n\n\t\t\t\t\t\t\t\t\t<div class=\"um-field um-field-block um-field-type_block\">\n\t\t\t\t\t\t<div class=\"um-field-block\">\n\t\t\t\t\t\t\t<div style=\"text-align:center;\">\n\t\t\t\t\t\t\t\tF\u00f6r att \u00e5terst\u00e4lla ditt l\u00f6senord, ange din e-postadress eller anv\u00e4ndarnamn nedan.\t\t\t\t\t\t\t<\/div>\n\t\t\t\t\t\t<\/div>\n\t\t\t\t\t<\/div>\n\t\t\t\t\t<div  id=\"um_field_0_username_b\" class=\"um-field um-field-text  um-field-username_b um-field-text um-field-type_text\" data-key=\"username_b\"><div class=\"um-field-area\"><input  autocomplete=\"off\" class=\"um-form-field valid\" type=\"text\" name=\"username_b\" id=\"username_b\" value=\"\" placeholder=\"Ange ditt anv\u00e4ndarnamn eller e-postadress\" data-validate=\"\" data-key=\"username_b\"  aria-invalid=\"false\" \/>\n\n\t\t\t\t\t\t<\/div><\/div>\t\t\t\t<div class=\"um-col-alt um-col-alt-b\">\n\t\t\t\t\t<div class=\"um-center\">\n\t\t\t\t\t\t<input type=\"submit\" value=\"\u00c5terst\u00e4ll l\u00f6senord\" class=\"um-button\" id=\"um-submit-btn\" \/>\n\t\t\t\t\t<\/div>\n\t\t\t\t\t<div class=\"um-clear\"><\/div>\n\t\t\t\t<\/div>\n\t\t\t\t\t<input type=\"hidden\" name=\"form_id\" id=\"form_id_um_password_id\" value=\"um_password_id\" \/>\n\t\t<p class=\"um_request_name\">\n\t\t<label for=\"um_request_um_password_id\">Only fill in if you are not human<\/label>\n\t\t<input type=\"hidden\" name=\"um_request\" id=\"um_request_um_password_id\" class=\"input\" value=\"\" size=\"25\" autocomplete=\"off\" \/>\n\t<\/p>\n\t\t\t<input type=\"hidden\" name=\"trp-form-language\" value=\"sv\"\/><\/form>\n\t<\/div>\n<\/div>\n<style>\n\t\t\t.um-um_password_id.um {\n\t\t\tmax-width: 450px;\n\t\t}\n\t\t<\/style>\n\t\t\t\t\t\t\t\t<\/div>\n\t\t\t\t<\/div>\n\t\t\t\t\t<\/div>\n\t\t<\/div>\n\t\t\t\t\t<\/div>\n\t\t<\/section>\n\t\t\t\t<\/div>","protected":false},"excerpt":{"rendered":"","protected":false},"author":1,"featured_media":0,"parent":0,"menu_order":0,"comment_status":"closed","ping_status":"closed","template":"","meta":{"_acf_changed":false,"site-sidebar-layout":"default","site-content-layout":"","ast-site-content-layout":"default","site-content-style":"default","site-sidebar-style":"default","ast-global-header-display":"","ast-banner-title-visibility":"","ast-main-header-display":"","ast-hfb-above-header-display":"","ast-hfb-below-header-display":"","ast-hfb-mobile-header-display":"","site-post-title":"","ast-breadcrumbs-content":"","ast-featured-img":"","footer-sml-layout":"","ast-disable-related-posts":"","theme-transparent-header-meta":"","adv-header-id-meta":"","stick-header-meta":"","header-above-stick-meta":"","header-main-stick-meta":"","header-below-stick-meta":"","astra-migrate-meta-layouts":"set","ast-page-background-enabled":"default","ast-page-background-meta":{"desktop":{"background-color":"var(--ast-global-color-4)","background-image":"","background-repeat":"repeat","background-position":"center center","background-size":"auto","background-attachment":"scroll","background-type":"","background-media":"","overlay-type":"","overlay-color":"","overlay-opacity":"","overlay-gradient":""},"tablet":{"background-color":"","background-image":"","background-repeat":"repeat","background-position":"center center","background-size":"auto","background-attachment":"scroll","background-type":"","background-media":"","overlay-type":"","overlay-color":"","overlay-opacity":"","overlay-gradient":""},"mobile":{"background-color":"","background-image":"","background-repeat":"repeat","background-position":"center center","background-size":"auto","background-attachment":"scroll","background-type":"","background-media":"","overlay-type":"","overlay-color":"","overlay-opacity":"","overlay-gradient":""}},"ast-content-background-meta":{"desktop":{"background-color":"var(--ast-global-color-5)","background-image":"","background-repeat":"repeat","background-position":"center center","background-size":"auto","background-attachment":"scroll","background-type":"","background-media":"","overlay-type":"","overlay-color":"","overlay-opacity":"","overlay-gradient":""},"tablet":{"background-color":"var(--ast-global-color-5)","background-image":"","background-repeat":"repeat","background-position":"center center","background-size":"auto","background-attachment":"scroll","background-type":"","background-media":"","overlay-type":"","overlay-color":"","overlay-opacity":"","overlay-gradient":""},"mobile":{"background-color":"var(--ast-global-color-5)","background-image":"","background-repeat":"repeat","background-position":"center center","background-size":"auto","background-attachment":"scroll","background-type":"","background-media":"","overlay-type":"","overlay-color":"","overlay-opacity":"","overlay-gradient":""}},"footnotes":""},"class_list":["post-4186","page","type-page","status-publish","hentry"],"acf":[],"yoast_head":"<!-- This site is optimized with the Yoast SEO plugin v27.5 - https:\/\/yoast.com\/product\/yoast-seo-wordpress\/ -->\n<title>Password Reset - TAXI WISH AB<\/title>\n<meta name=\"robots\" content=\"index, follow, max-snippet:-1, max-image-preview:large, max-video-preview:-1\" \/>\n<link rel=\"canonical\" href=\"https:\/\/taxiwish.com\/sv\/password-reset\/\" \/>\n<meta property=\"og:locale\" content=\"sv_SE\" \/>\n<meta property=\"og:type\" content=\"article\" \/>\n<meta property=\"og:title\" content=\"Password Reset - TAXI WISH AB\" \/>\n<meta property=\"og:url\" content=\"https:\/\/taxiwish.com\/sv\/password-reset\/\" \/>\n<meta property=\"og:site_name\" content=\"TAXI WISH AB\" \/>\n<meta property=\"article:modified_time\" content=\"2023-12-07T10:35:55+00:00\" \/>\n<meta name=\"twitter:card\" content=\"summary_large_image\" \/>\n<script type=\"application\/ld+json\" class=\"yoast-schema-graph\">{\"@context\":\"https:\\\/\\\/schema.org\",\"@graph\":[{\"@type\":\"WebPage\",\"@id\":\"https:\\\/\\\/taxiwish.com\\\/password-reset\\\/\",\"url\":\"https:\\\/\\\/taxiwish.com\\\/password-reset\\\/\",\"name\":\"Password Reset - TAXI WISH AB\",\"isPartOf\":{\"@id\":\"https:\\\/\\\/taxiwish.com\\\/#website\"},\"datePublished\":\"2023-12-05T19:59:44+00:00\",\"dateModified\":\"2023-12-07T10:35:55+00:00\",\"breadcrumb\":{\"@id\":\"https:\\\/\\\/taxiwish.com\\\/password-reset\\\/#breadcrumb\"},\"inLanguage\":\"sv-SE\",\"potentialAction\":[{\"@type\":\"ReadAction\",\"target\":[\"https:\\\/\\\/taxiwish.com\\\/password-reset\\\/\"]}]},{\"@type\":\"BreadcrumbList\",\"@id\":\"https:\\\/\\\/taxiwish.com\\\/password-reset\\\/#breadcrumb\",\"itemListElement\":[{\"@type\":\"ListItem\",\"position\":1,\"name\":\"Home\",\"item\":\"https:\\\/\\\/taxiwish.com\\\/\"},{\"@type\":\"ListItem\",\"position\":2,\"name\":\"Password Reset\"}]},{\"@type\":\"WebSite\",\"@id\":\"https:\\\/\\\/taxiwish.com\\\/#website\",\"url\":\"https:\\\/\\\/taxiwish.com\\\/\",\"name\":\"TAXI WISH\",\"description\":\"\",\"publisher\":{\"@id\":\"https:\\\/\\\/taxiwish.com\\\/#organization\"},\"potentialAction\":[{\"@type\":\"SearchAction\",\"target\":{\"@type\":\"EntryPoint\",\"urlTemplate\":\"https:\\\/\\\/taxiwish.com\\\/?s={search_term_string}\"},\"query-input\":{\"@type\":\"PropertyValueSpecification\",\"valueRequired\":true,\"valueName\":\"search_term_string\"}}],\"inLanguage\":\"sv-SE\"},{\"@type\":\"Organization\",\"@id\":\"https:\\\/\\\/taxiwish.com\\\/#organization\",\"name\":\"TAXI WISH AB\",\"url\":\"https:\\\/\\\/taxiwish.com\\\/\",\"logo\":{\"@type\":\"ImageObject\",\"inLanguage\":\"sv-SE\",\"@id\":\"https:\\\/\\\/taxiwish.com\\\/#\\\/schema\\\/logo\\\/image\\\/\",\"url\":\"https:\\\/\\\/taxiwish.com\\\/wp-content\\\/uploads\\\/2021\\\/02\\\/output-onlinepngtools.png\",\"contentUrl\":\"https:\\\/\\\/taxiwish.com\\\/wp-content\\\/uploads\\\/2021\\\/02\\\/output-onlinepngtools.png\",\"width\":350,\"height\":100,\"caption\":\"TAXI WISH AB\"},\"image\":{\"@id\":\"https:\\\/\\\/taxiwish.com\\\/#\\\/schema\\\/logo\\\/image\\\/\"}}]}<\/script>\n<!-- \/ Yoast SEO plugin. -->","yoast_head_json":{"title":"Password Reset - TAXI WISH AB","robots":{"index":"index","follow":"follow","max-snippet":"max-snippet:-1","max-image-preview":"max-image-preview:large","max-video-preview":"max-video-preview:-1"},"canonical":"https:\/\/taxiwish.com\/sv\/password-reset\/","og_locale":"sv_SE","og_type":"article","og_title":"Password Reset - TAXI WISH AB","og_url":"https:\/\/taxiwish.com\/sv\/password-reset\/","og_site_name":"TAXI WISH AB","article_modified_time":"2023-12-07T10:35:55+00:00","twitter_card":"summary_large_image","schema":{"@context":"https:\/\/schema.org","@graph":[{"@type":"WebPage","@id":"https:\/\/taxiwish.com\/password-reset\/","url":"https:\/\/taxiwish.com\/password-reset\/","name":"Password Reset - TAXI WISH AB","isPartOf":{"@id":"https:\/\/taxiwish.com\/#website"},"datePublished":"2023-12-05T19:59:44+00:00","dateModified":"2023-12-07T10:35:55+00:00","breadcrumb":{"@id":"https:\/\/taxiwish.com\/password-reset\/#breadcrumb"},"inLanguage":"sv-SE","potentialAction":[{"@type":"ReadAction","target":["https:\/\/taxiwish.com\/password-reset\/"]}]},{"@type":"BreadcrumbList","@id":"https:\/\/taxiwish.com\/password-reset\/#breadcrumb","itemListElement":[{"@type":"ListItem","position":1,"name":"Home","item":"https:\/\/taxiwish.com\/"},{"@type":"ListItem","position":2,"name":"Password Reset"}]},{"@type":"WebSite","@id":"https:\/\/taxiwish.com\/#website","url":"https:\/\/taxiwish.com\/","name":"TAXI WISH","description":"","publisher":{"@id":"https:\/\/taxiwish.com\/#organization"},"potentialAction":[{"@type":"SearchAction","target":{"@type":"EntryPoint","urlTemplate":"https:\/\/taxiwish.com\/?s={search_term_string}"},"query-input":{"@type":"PropertyValueSpecification","valueRequired":true,"valueName":"search_term_string"}}],"inLanguage":"sv-SE"},{"@type":"Organization","@id":"https:\/\/taxiwish.com\/#organization","name":"TAXI WISH AB","url":"https:\/\/taxiwish.com\/","logo":{"@type":"ImageObject","inLanguage":"sv-SE","@id":"https:\/\/taxiwish.com\/#\/schema\/logo\/image\/","url":"https:\/\/taxiwish.com\/wp-content\/uploads\/2021\/02\/output-onlinepngtools.png","contentUrl":"https:\/\/taxiwish.com\/wp-content\/uploads\/2021\/02\/output-onlinepngtools.png","width":350,"height":100,"caption":"TAXI WISH AB"},"image":{"@id":"https:\/\/taxiwish.com\/#\/schema\/logo\/image\/"}}]}},"_links":{"self":[{"href":"https:\/\/taxiwish.com\/sv\/wp-json\/wp\/v2\/pages\/4186","targetHints":{"allow":["GET"]}}],"collection":[{"href":"https:\/\/taxiwish.com\/sv\/wp-json\/wp\/v2\/pages"}],"about":[{"href":"https:\/\/taxiwish.com\/sv\/wp-json\/wp\/v2\/types\/page"}],"author":[{"embeddable":true,"href":"https:\/\/taxiwish.com\/sv\/wp-json\/wp\/v2\/users\/1"}],"replies":[{"embeddable":true,"href":"https:\/\/taxiwish.com\/sv\/wp-json\/wp\/v2\/comments?post=4186"}],"version-history":[{"count":6,"href":"https:\/\/taxiwish.com\/sv\/wp-json\/wp\/v2\/pages\/4186\/revisions"}],"predecessor-version":[{"id":4743,"href":"https:\/\/taxiwish.com\/sv\/wp-json\/wp\/v2\/pages\/4186\/revisions\/4743"}],"wp:attachment":[{"href":"https:\/\/taxiwish.com\/sv\/wp-json\/wp\/v2\/media?parent=4186"}],"curies":[{"name":"wp","href":"https:\/\/api.w.org\/{rel}","templated":true}]}}